{"id":5043,"date":"2023-08-25T09:21:29","date_gmt":"2023-08-25T06:21:29","guid":{"rendered":"https:\/\/yourinvite.ro\/?post_type=product&#038;p=5043"},"modified":"2023-12-06T10:39:34","modified_gmt":"2023-12-06T07:39:34","slug":"invitatie-individuala","status":"publish","type":"product","link":"https:\/\/yourinvite.ro\/?product=invitatie-individuala","title":{"rendered":"Invita\u021bie individual\u0103"},"content":{"rendered":"","protected":false},"excerpt":{"rendered":"<p>Num\u0103rul minim de invita\u021bii individuale pe care le po\u021bi achizi\u021biona este 10.<br \/>\n\u00cen cazul invita\u021biilor individuale, exista un timp de procesare a comenzii de maxim 24 de ore. Dup\u0103 aceast\u0103 perioad\u0103, vei primi pe email link-urile pentru invita\u021biile tale.<\/p>\n","protected":false},"featured_media":0,"comment_status":"closed","ping_status":"closed","template":"","meta":{"_acf_changed":false,"pmpro_default_level":"","site-sidebar-layout":"default","site-content-layout":"default","ast-site-content-layout":"default","site-content-style":"default","site-sidebar-style":"default","ast-global-header-display":"","ast-banner-title-visibility":"","ast-main-header-display":"","ast-hfb-above-header-display":"","ast-hfb-below-header-display":"","ast-hfb-mobile-header-display":"","site-post-title":"","ast-breadcrumbs-content":"","ast-featured-img":"","footer-sml-layout":"","ast-disable-related-posts":"","theme-transparent-header-meta":"default","adv-header-id-meta":"","stick-header-meta":"","header-above-stick-meta":"","header-main-stick-meta":"","header-below-stick-meta":"","astra-migrate-meta-layouts":"default","ast-page-background-enabled":"default","ast-page-background-meta":{"desktop":{"background-color":"var(--ast-global-color-4)","background-image":"","background-repeat":"repeat","background-position":"center center","background-size":"auto","background-attachment":"scroll","background-type":"","background-media":"","overlay-type":"","overlay-color":"","overlay-opacity":"","overlay-gradient":""},"tablet":{"background-color":"","background-image":"","background-repeat":"repeat","background-position":"center center","background-size":"auto","background-attachment":"scroll","background-type":"","background-media":"","overlay-type":"","overlay-color":"","overlay-opacity":"","overlay-gradient":""},"mobile":{"background-color":"","background-image":"","background-repeat":"repeat","background-position":"center center","background-size":"auto","background-attachment":"scroll","background-type":"","background-media":"","overlay-type":"","overlay-color":"","overlay-opacity":"","overlay-gradient":""}},"ast-content-background-meta":{"desktop":{"background-color":"var(--ast-global-color-5)","background-image":"","background-repeat":"repeat","background-position":"center center","background-size":"auto","background-attachment":"scroll","background-type":"","background-media":"","overlay-type":"","overlay-color":"","overlay-opacity":"","overlay-gradient":""},"tablet":{"background-color":"var(--ast-global-color-5)","background-image":"","background-repeat":"repeat","background-position":"center center","background-size":"auto","background-attachment":"scroll","background-type":"","background-media":"","overlay-type":"","overlay-color":"","overlay-opacity":"","overlay-gradient":""},"mobile":{"background-color":"var(--ast-global-color-5)","background-image":"","background-repeat":"repeat","background-position":"center center","background-size":"auto","background-attachment":"scroll","background-type":"","background-media":"","overlay-type":"","overlay-color":"","overlay-opacity":"","overlay-gradient":""}}},"product_brand":[],"product_cat":[31],"product_tag":[],"class_list":{"0":"post-5043","1":"product","2":"type-product","3":"status-publish","5":"product_cat-fara-categorie","6":"pmpro-has-access","7":"desktop-align-left","8":"tablet-align-left","9":"mobile-align-left","10":"wcpa_has_options","12":"first","13":"instock","14":"shipping-taxable","15":"purchasable","16":"product-type-simple"},"acf":[],"yoast_head":"<!-- This site is optimized with the Yoast SEO plugin v27.0 - https:\/\/yoast.com\/product\/yoast-seo-wordpress\/ -->\n<title>Invita\u021bie individual\u0103 - Your Invite<\/title>\n<meta name=\"robots\" content=\"index, follow, max-snippet:-1, max-image-preview:large, max-video-preview:-1\" \/>\n<link rel=\"canonical\" href=\"https:\/\/yourinvite.ro\/?product=invitatie-individuala\" \/>\n<meta property=\"og:locale\" content=\"ro_RO\" \/>\n<meta property=\"og:type\" content=\"article\" \/>\n<meta property=\"og:title\" content=\"Invita\u021bie individual\u0103 - Your Invite\" \/>\n<meta property=\"og:description\" content=\"Num\u0103rul minim de invita\u021bii individuale pe care le po\u021bi achizi\u021biona este 10. \u00cen cazul invita\u021biilor individuale, exista un timp de procesare a comenzii de maxim 24 de ore. Dup\u0103 aceast\u0103 perioad\u0103, vei primi pe email link-urile pentru invita\u021biile tale.\" \/>\n<meta property=\"og:url\" content=\"https:\/\/yourinvite.ro\/?product=invitatie-individuala\" \/>\n<meta property=\"og:site_name\" content=\"Your Invite\" \/>\n<meta property=\"article:modified_time\" content=\"2023-12-06T07:39:34+00:00\" \/>\n<meta name=\"twitter:card\" content=\"summary_large_image\" \/>\n<script type=\"application\/ld+json\" class=\"yoast-schema-graph\">{\"@context\":\"https:\/\/schema.org\",\"@graph\":[{\"@type\":\"WebPage\",\"@id\":\"https:\/\/yourinvite.ro\/?product=invitatie-individuala\",\"url\":\"https:\/\/yourinvite.ro\/?product=invitatie-individuala\",\"name\":\"Invita\u021bie individual\u0103 - Your Invite\",\"isPartOf\":{\"@id\":\"https:\/\/yourinvite.ro\/#website\"},\"datePublished\":\"2023-08-25T06:21:29+00:00\",\"dateModified\":\"2023-12-06T07:39:34+00:00\",\"breadcrumb\":{\"@id\":\"https:\/\/yourinvite.ro\/?product=invitatie-individuala#breadcrumb\"},\"inLanguage\":\"ro-RO\",\"potentialAction\":[{\"@type\":\"ReadAction\",\"target\":[\"https:\/\/yourinvite.ro\/?product=invitatie-individuala\"]}]},{\"@type\":\"BreadcrumbList\",\"@id\":\"https:\/\/yourinvite.ro\/?product=invitatie-individuala#breadcrumb\",\"itemListElement\":[{\"@type\":\"ListItem\",\"position\":1,\"name\":\"Prima pagin\u0103\",\"item\":\"https:\/\/yourinvite.ro\/\"},{\"@type\":\"ListItem\",\"position\":2,\"name\":\"Magazin\",\"item\":\"https:\/\/yourinvite.ro\/?page_id=1027\"},{\"@type\":\"ListItem\",\"position\":3,\"name\":\"Invita\u021bie individual\u0103\"}]},{\"@type\":\"WebSite\",\"@id\":\"https:\/\/yourinvite.ro\/#website\",\"url\":\"https:\/\/yourinvite.ro\/\",\"name\":\"Your Invite\",\"description\":\"\u00cembr\u0103\u021bi\u0219eaz\u0103 noul val al invita\u021biilor digitale!\",\"publisher\":{\"@id\":\"https:\/\/yourinvite.ro\/#organization\"},\"potentialAction\":[{\"@type\":\"SearchAction\",\"target\":{\"@type\":\"EntryPoint\",\"urlTemplate\":\"https:\/\/yourinvite.ro\/?s={search_term_string}\"},\"query-input\":{\"@type\":\"PropertyValueSpecification\",\"valueRequired\":true,\"valueName\":\"search_term_string\"}}],\"inLanguage\":\"ro-RO\"},{\"@type\":\"Organization\",\"@id\":\"https:\/\/yourinvite.ro\/#organization\",\"name\":\"Your Invite\",\"url\":\"https:\/\/yourinvite.ro\/\",\"logo\":{\"@type\":\"ImageObject\",\"inLanguage\":\"ro-RO\",\"@id\":\"https:\/\/yourinvite.ro\/#\/schema\/logo\/image\/\",\"url\":\"https:\/\/yourinvite.ro\/wp-content\/uploads\/2023\/07\/logo-your-invite-S.png\",\"contentUrl\":\"https:\/\/yourinvite.ro\/wp-content\/uploads\/2023\/07\/logo-your-invite-S.png\",\"width\":300,\"height\":117,\"caption\":\"Your Invite\"},\"image\":{\"@id\":\"https:\/\/yourinvite.ro\/#\/schema\/logo\/image\/\"}}]}<\/script>\n<!-- \/ Yoast SEO plugin. -->","yoast_head_json":{"title":"Invita\u021bie individual\u0103 - Your Invite","robots":{"index":"index","follow":"follow","max-snippet":"max-snippet:-1","max-image-preview":"max-image-preview:large","max-video-preview":"max-video-preview:-1"},"canonical":"https:\/\/yourinvite.ro\/?product=invitatie-individuala","og_locale":"ro_RO","og_type":"article","og_title":"Invita\u021bie individual\u0103 - Your Invite","og_description":"Num\u0103rul minim de invita\u021bii individuale pe care le po\u021bi achizi\u021biona este 10. \u00cen cazul invita\u021biilor individuale, exista un timp de procesare a comenzii de maxim 24 de ore. Dup\u0103 aceast\u0103 perioad\u0103, vei primi pe email link-urile pentru invita\u021biile tale.","og_url":"https:\/\/yourinvite.ro\/?product=invitatie-individuala","og_site_name":"Your Invite","article_modified_time":"2023-12-06T07:39:34+00:00","twitter_card":"summary_large_image","schema":{"@context":"https:\/\/schema.org","@graph":[{"@type":"WebPage","@id":"https:\/\/yourinvite.ro\/?product=invitatie-individuala","url":"https:\/\/yourinvite.ro\/?product=invitatie-individuala","name":"Invita\u021bie individual\u0103 - Your Invite","isPartOf":{"@id":"https:\/\/yourinvite.ro\/#website"},"datePublished":"2023-08-25T06:21:29+00:00","dateModified":"2023-12-06T07:39:34+00:00","breadcrumb":{"@id":"https:\/\/yourinvite.ro\/?product=invitatie-individuala#breadcrumb"},"inLanguage":"ro-RO","potentialAction":[{"@type":"ReadAction","target":["https:\/\/yourinvite.ro\/?product=invitatie-individuala"]}]},{"@type":"BreadcrumbList","@id":"https:\/\/yourinvite.ro\/?product=invitatie-individuala#breadcrumb","itemListElement":[{"@type":"ListItem","position":1,"name":"Prima pagin\u0103","item":"https:\/\/yourinvite.ro\/"},{"@type":"ListItem","position":2,"name":"Magazin","item":"https:\/\/yourinvite.ro\/?page_id=1027"},{"@type":"ListItem","position":3,"name":"Invita\u021bie individual\u0103"}]},{"@type":"WebSite","@id":"https:\/\/yourinvite.ro\/#website","url":"https:\/\/yourinvite.ro\/","name":"Your Invite","description":"\u00cembr\u0103\u021bi\u0219eaz\u0103 noul val al invita\u021biilor digitale!","publisher":{"@id":"https:\/\/yourinvite.ro\/#organization"},"potentialAction":[{"@type":"SearchAction","target":{"@type":"EntryPoint","urlTemplate":"https:\/\/yourinvite.ro\/?s={search_term_string}"},"query-input":{"@type":"PropertyValueSpecification","valueRequired":true,"valueName":"search_term_string"}}],"inLanguage":"ro-RO"},{"@type":"Organization","@id":"https:\/\/yourinvite.ro\/#organization","name":"Your Invite","url":"https:\/\/yourinvite.ro\/","logo":{"@type":"ImageObject","inLanguage":"ro-RO","@id":"https:\/\/yourinvite.ro\/#\/schema\/logo\/image\/","url":"https:\/\/yourinvite.ro\/wp-content\/uploads\/2023\/07\/logo-your-invite-S.png","contentUrl":"https:\/\/yourinvite.ro\/wp-content\/uploads\/2023\/07\/logo-your-invite-S.png","width":300,"height":117,"caption":"Your Invite"},"image":{"@id":"https:\/\/yourinvite.ro\/#\/schema\/logo\/image\/"}}]}},"_links":{"self":[{"href":"https:\/\/yourinvite.ro\/index.php?rest_route=\/wp\/v2\/product\/5043","targetHints":{"allow":["GET"]}}],"collection":[{"href":"https:\/\/yourinvite.ro\/index.php?rest_route=\/wp\/v2\/product"}],"about":[{"href":"https:\/\/yourinvite.ro\/index.php?rest_route=\/wp\/v2\/types\/product"}],"replies":[{"embeddable":true,"href":"https:\/\/yourinvite.ro\/index.php?rest_route=%2Fwp%2Fv2%2Fcomments&post=5043"}],"wp:attachment":[{"href":"https:\/\/yourinvite.ro\/index.php?rest_route=%2Fwp%2Fv2%2Fmedia&parent=5043"}],"wp:term":[{"taxonomy":"product_brand","embeddable":true,"href":"https:\/\/yourinvite.ro\/index.php?rest_route=%2Fwp%2Fv2%2Fproduct_brand&post=5043"},{"taxonomy":"product_cat","embeddable":true,"href":"https:\/\/yourinvite.ro\/index.php?rest_route=%2Fwp%2Fv2%2Fproduct_cat&post=5043"},{"taxonomy":"product_tag","embeddable":true,"href":"https:\/\/yourinvite.ro\/index.php?rest_route=%2Fwp%2Fv2%2Fproduct_tag&post=5043"}],"curies":[{"name":"wp","href":"https:\/\/api.w.org\/{rel}","templated":true}]}}